{"id":1494,"date":"2022-03-10T09:00:29","date_gmt":"2022-03-10T08:00:29","guid":{"rendered":"https:\/\/ukraine.slot.org.pl\/pomoc-ukrainie\/"},"modified":"2024-03-22T08:14:55","modified_gmt":"2024-03-22T07:14:55","slug":"pomoc-ukrainie","status":"publish","type":"page","link":"https:\/\/ukraine.slot.org.pl\/en\/","title":{"rendered":"Pomoc Ukrainie"},"content":{"rendered":"\n<div class=\"wp-block-cover alignfull has-parallax\" style=\"min-height:400px;aspect-ratio:unset;\"><span aria-hidden=\"true\" class=\"wp-block-cover__background has-background-dim-60 has-background-dim\" style=\"background-color:#012450\"><\/span><div role=\"img\" class=\"wp-block-cover__image-background wp-image-744 has-parallax\" style=\"background-position:50% 50%;background-image:url(https:\/\/ukraine.slot.org.pl\/wp-content\/uploads\/2022\/03\/tina-hartung-IwLY-pLic_U-unsplash-scaled.jpg)\"><\/div><div class=\"wp-block-cover__inner-container is-layout-flow wp-block-cover-is-layout-flow\">\n<h1 class=\"wp-block-heading has-text-align-center\" style=\"margin-top:10px;margin-right:10px;margin-bottom:10px;margin-left:10px;font-style:normal;font-weight:500;text-transform:capitalize\">Pomoc Ukrainie<\/h1>\n\n\n\n<div class=\"wp-block-group is-layout-constrained wp-block-group-is-layout-constrained\">\n<p class=\"has-text-align-center\" style=\"line-height:1.5\">Je\u017celi SLOT jako sie\u0107 ludzi co\u015b potrafi, to tworzy\u0107 infrastruktur\u0119 spo\u0142eczn\u0105 wspieraj\u0105c\u0105 szalon\u0105 kreatywno\u015b\u0107, radosn\u0105 wsp\u00f3\u0142prac\u0119 i&nbsp;wzajemne korzy\u015bci \n&#8211;&nbsp;czyli&nbsp;to, czego potrzeba, aby\u015bmy wszyscy na&nbsp;obecno\u015bci Ukrai\u0144c\u00f3w w&nbsp;Polsce&nbsp;zyskali.&nbsp;<\/p>\n\n\n\n<div class=\"wp-block-buttons is-content-justification-center is-layout-flex wp-container-core-buttons-is-layout-a89b3969 wp-block-buttons-is-layout-flex\"><\/div>\n<\/div>\n<\/div><\/div>\n\n\n\n<div class=\"wp-block-group alignfull is-layout-flow wp-container-core-group-is-layout-7007ea7e wp-block-group-is-layout-flow\" style=\"padding-top:0px;padding-right:3rem;padding-bottom:0px;padding-left:3rem\">\n<div style=\"height:15px\" aria-hidden=\"true\" class=\"wp-block-spacer\"><\/div>\n\n\n\n<div class=\"wp-block-columns is-layout-flex wp-container-core-columns-is-layout-28f84493 wp-block-columns-is-layout-flex\">\n<div class=\"wp-block-column is-layout-flow wp-block-column-is-layout-flow\" style=\"flex-basis:100%\">\n<div class=\"wp-block-columns are-vertically-aligned-top is-layout-flex wp-container-core-columns-is-layout-28f84493 wp-block-columns-is-layout-flex\">\n<div class=\"wp-block-column is-vertically-aligned-top boxshdw has-background-background-color has-background is-layout-flow wp-block-column-is-layout-flow\" style=\"padding-top:40px;padding-right:40px;padding-bottom:40px;padding-left:40px\">\n<div id=\"section-g094736\" class=\"wp-block-gutentor-e6 section-g094736 gutentor-element gutentor-element-image\"><div class=\"gutentor-element-image-box\"><div class=\"gutentor-image-thumb\"><img decoding=\"async\" class=\"normal-image\" src=\"https:\/\/ukraine.slot.org.pl\/wp-content\/uploads\/2022\/04\/Slot_na_granic_logo.jpg\" alt=\"Slot na granic logo\" \/><\/div><\/div><\/div>\n\n\n\n<div style=\"height:10px\" aria-hidden=\"true\" class=\"wp-block-spacer\"><\/div>\n\n\n\n<h2 class=\"wp-block-heading has-text-align-left bg_feature has-large-font-size\" style=\"margin-top:0%;margin-right:0%;margin-bottom:0%;margin-left:0%;font-style:normal;font-weight:400;text-transform:uppercase\">Slot na granicy<\/h2>\n\n\n\n<h2 class=\"wp-block-heading has-text-align-left has-medium-font-size\" style=\"font-style:normal;font-weight:300\">POMOC DLA UCHOD\u0179C\u00d3W NA GRANICY<\/h2>\n\n\n\n<hr class=\"wp-block-separator has-text-color has-css-opacity has-background is-style-wide\" style=\"background-color:#cccccc;color:#cccccc\"\/>\n\n\n\n<p>Slot na Granicy wspiera ukrai\u0144sk\u0105 stron\u0119 w bezpo\u015bredniej pomocy uchod\u017acom zanim trafi\u0105 do Polski. Dbamy o zapewnienie pomocy humanitarnej \u015bci\u015ble wed\u0142ug potrzeb zg\u0142oszonych przez naszych ukrai\u0144skich partner\u00f3w.<\/p>\n\n\n\n<p> <a href=\"https:\/\/ukraine.slot.org.pl\/en\/slot-on-the-border\/\">Wi\u0119cej o projekcie<\/a><\/p>\n\n\n\n<div style=\"height:5px\" aria-hidden=\"true\" class=\"wp-block-spacer\"><\/div>\n\n\n\n<hr class=\"wp-block-separator has-text-color has-css-opacity has-background is-style-wide\" style=\"background-color:#cccccc;color:#cccccc\"\/>\n\n\n\n<div style=\"height:5px\" aria-hidden=\"true\" class=\"wp-block-spacer\"><\/div>\n\n\n\n<h3 class=\"wp-block-heading has-text-align-left has-medium-font-size\" style=\"font-style:normal;font-weight:300;letter-spacing:2px\">ZAANGA\u017bUJ SI\u0118<\/h3>\n\n\n\n<div class=\"wp-block-buttons is-content-justification-left is-layout-flex wp-container-core-buttons-is-layout-fc4fd283 wp-block-buttons-is-layout-flex\">\n<div class=\"wp-block-button has-custom-font-size is-style-outline has-small-font-size is-style-outline--2\"><a class=\"wp-block-button__link has-background-background-color has-background wp-element-button\" href=\"https:\/\/forms.gle\/BKtHUewFwp4unZ92A\" style=\"border-radius:3px\" target=\"_blank\" rel=\"noreferrer noopener\">Wolontariat<\/a><\/div>\n\n\n\n<div class=\"wp-block-button has-custom-font-size is-style-outline has-small-font-size is-style-outline--3\"><a class=\"wp-block-button__link has-background-background-color has-background wp-element-button\" href=\"https:\/\/wspieram.slot.org.pl\/?cel=slotnagranicy\" style=\"border-radius:3px\" target=\"_blank\" rel=\"noreferrer noopener\">Wp\u0142ata<\/a><\/div>\n<\/div>\n<\/div>\n\n\n\n<div class=\"wp-block-column is-vertically-aligned-top boxshdw has-background-background-color has-background is-layout-flow wp-block-column-is-layout-flow\" style=\"padding-top:40px;padding-right:40px;padding-bottom:40px;padding-left:40px\">\n<div style=\"height:10px\" aria-hidden=\"true\" class=\"wp-block-spacer\"><\/div>\n\n\n\n<figure class=\"wp-block-image size-full is-resized is-style-default\"><img loading=\"lazy\" decoding=\"async\" width=\"572\" height=\"721\" src=\"https:\/\/ukraine.slot.org.pl\/wp-content\/uploads\/2024\/03\/bdw_logo_rgb-e1711056537599.png\" alt=\"\" class=\"wp-image-2424\" style=\"width:115px;height:auto\" srcset=\"https:\/\/ukraine.slot.org.pl\/wp-content\/uploads\/2024\/03\/bdw_logo_rgb-e1711056537599.png 572w, https:\/\/ukraine.slot.org.pl\/wp-content\/uploads\/2024\/03\/bdw_logo_rgb-e1711056537599-238x300.png 238w\" sizes=\"auto, (max-width: 572px) 100vw, 572px\" \/><\/figure>\n\n\n\n<p><\/p>\n\n\n\n<h2 class=\"wp-block-heading has-text-align-left bg_feature has-large-font-size\" style=\"margin-top:0%;margin-right:0%;margin-bottom:0%;margin-left:0%;font-style:normal;font-weight:400;text-transform:uppercase\">Slot DONBAS<\/h2>\n\n\n\n<h2 class=\"wp-block-heading has-text-align-left has-medium-font-size\" style=\"font-style:normal;font-weight:300\">POMOC W UKRAINIE<\/h2>\n\n\n\n<hr class=\"wp-block-separator has-text-color has-css-opacity has-background is-style-wide\" style=\"background-color:#cccccc;color:#cccccc\"\/>\n\n\n\n<p>Nasze dzia\u0142ania koncentruj\u0105 si\u0119 g\u0142\u00f3wnie na wsparciu dzieci oraz os\u00f3b starszych zamieszkuj\u0105cych miejscowo\u015bci przyfrontowe we wschodniej Ukrainie (Donbas obw\u00f3d Doniecki), na obszarach dotkni\u0119tych dzia\u0142aniami wojennymi, Zapewniamy pomoc, dostarczaj\u0105c bezpo\u015brednio do r\u0105k potrzebuj\u0105cych m.in. leki, \u015brodki higieniczne, \u017cywno\u015b\u0107, odzie\u017c, oraz pomoce edukacyjne, korzystaj\u0105c z w\u0142asnych \u015brodk\u00f3w transportu i zasob\u00f3w.<\/p>\n\n\n\n<p>Wsp\u00f3\u0142pracujemy z ko\u015bcio\u0142ami, z organizacjami wspieraj\u0105cymi rodziny poleg\u0142ych, z Wojskowym Korpusem Kapelan\u00f3w, z o\u015brodkami dla os\u00f3b uzale\u017cnionych<\/p>\n\n\n\n<p><a href=\"https:\/\/ukraine.slot.org.pl\/slot-donieck\/\" title=\"Slot Donieck\"> Wi\u0119cej o <\/a><a href=\"https:\/\/ukraine.slot.org.pl\/slot-donbas\/\" title=\"\">projekcie<\/a><\/p>\n\n\n\n<div style=\"height:5px\" aria-hidden=\"true\" class=\"wp-block-spacer\"><\/div>\n\n\n\n<hr class=\"wp-block-separator has-text-color has-css-opacity has-background is-style-wide\" style=\"background-color:#cccccc;color:#cccccc\"\/>\n\n\n\n<div style=\"height:5px\" aria-hidden=\"true\" class=\"wp-block-spacer\"><\/div>\n\n\n\n<h3 class=\"wp-block-heading has-text-align-left has-medium-font-size\" style=\"font-style:normal;font-weight:300;letter-spacing:2px\">ZAANGA\u017bUJ SI\u0118<\/h3>\n\n\n\n<div class=\"wp-block-buttons is-content-justification-left is-layout-flex wp-container-core-buttons-is-layout-fc4fd283 wp-block-buttons-is-layout-flex\">\n<div class=\"wp-block-button has-custom-font-size is-style-outline has-small-font-size is-style-outline--4\"><a class=\"wp-block-button__link has-background-background-color has-background wp-element-button\" href=\"https:\/\/wspieram.slot.org.pl\/?cel=slotdonbas\" style=\"border-radius:3px\" target=\"_blank\" rel=\"noreferrer noopener\">Wp\u0142ata<\/a><\/div>\n<\/div>\n<\/div>\n<\/div>\n<\/div>\n<\/div>\n<\/div>\n\n\n\n<div class=\"wp-block-group alignfull is-layout-flow wp-container-core-group-is-layout-7007ea7e wp-block-group-is-layout-flow\" style=\"padding-top:0px;padding-right:3rem;padding-bottom:0px;padding-left:3rem\">\n<div style=\"height:15px\" aria-hidden=\"true\" class=\"wp-block-spacer\"><\/div>\n\n\n\n<div class=\"wp-block-columns is-layout-flex wp-container-core-columns-is-layout-28f84493 wp-block-columns-is-layout-flex\">\n<div class=\"wp-block-column is-layout-flow wp-block-column-is-layout-flow\" style=\"flex-basis:100%\">\n<div class=\"wp-block-columns are-vertically-aligned-top is-layout-flex wp-container-core-columns-is-layout-28f84493 wp-block-columns-is-layout-flex\">\n<div class=\"wp-block-column is-vertically-aligned-top boxshdw has-background-background-color has-background is-layout-flow wp-block-column-is-layout-flow\" style=\"padding-top:40px;padding-right:40px;padding-bottom:40px;padding-left:40px\">\n<div id=\"section-gf76c98\" class=\"wp-block-gutentor-e6 section-gf76c98 gutentor-element gutentor-element-image\"><div class=\"gutentor-element-image-box\"><div class=\"gutentor-image-thumb\"><img decoding=\"async\" class=\"normal-image\" src=\"https:\/\/ukraine.slot.org.pl\/wp-content\/uploads\/2022\/04\/SLOTOWA_siec_goscinnosci_logo.jpg\" alt=\"Slotowa Sie\u0107 Go\u015bcinno\u015bci logo\" \/><\/div><\/div><\/div>\n\n\n\n<div style=\"height:10px\" aria-hidden=\"true\" class=\"wp-block-spacer\"><\/div>\n\n\n\n<h2 class=\"wp-block-heading has-text-align-left has-large-font-size\" style=\"margin-top:0px;margin-right:0px;margin-bottom:0px;margin-left:0px;font-style:normal;font-weight:400;text-transform:uppercase\">Slotowa sie\u0107 go\u015bcinno\u015bci<\/h2>\n\n\n\n<h3 class=\"wp-block-heading has-text-align-left has-medium-font-size\" style=\"font-style:normal;font-weight:300\">POMOC DLA UCHOD\u0179C\u00d3W W POLSCE<\/h3>\n\n\n\n<hr class=\"wp-block-separator has-text-color has-css-opacity has-background is-style-wide\" style=\"background-color:#cccccc;color:#cccccc\"\/>\n\n\n\n<p>Nasza sie\u0107 tworzy przestrze\u0144 dla autentycznego spotkania uchod\u017ac\u00f3w z witaj\u0105cymi ich w Polsce rodzinami oraz osobami wspieraj\u0105cymi nas finansowo. Budujemy mikro-modele asymilacji uchod\u017ac\u00f3w na miar\u0119 maratonu, a nie sprintu. <\/p>\n\n\n\n<p><a href=\"https:\/\/ukraine.slot.org.pl\/en\/slot-hospitality-network\/\">Wi\u0119cej o projekcie<\/a><\/p>\n\n\n\n<div style=\"height:5px\" aria-hidden=\"true\" class=\"wp-block-spacer\"><\/div>\n\n\n\n<hr class=\"wp-block-separator has-text-color has-css-opacity has-background is-style-wide\" style=\"background-color:#cccccc;color:#cccccc\"\/>\n\n\n\n<div style=\"height:5px\" aria-hidden=\"true\" class=\"wp-block-spacer\"><\/div>\n\n\n\n<h3 class=\"wp-block-heading has-text-align-left has-medium-font-size\" style=\"font-style:normal;font-weight:300;letter-spacing:2px\">ZAANGA\u017bUJ SI\u0118<\/h3>\n\n\n\n<p>Projekt zako\u0144czyli\u015bmy w 2023 roku<\/p>\n<\/div>\n\n\n\n<div class=\"wp-block-column is-vertically-aligned-top boxshdw has-background-background-color has-background is-layout-flow wp-block-column-is-layout-flow\" style=\"padding-top:40px;padding-right:40px;padding-bottom:40px;padding-left:40px\">\n<div id=\"section-ga64150\" class=\"wp-block-gutentor-e6 section-ga64150 gutentor-element gutentor-element-image\"><div class=\"gutentor-element-image-box\"><div class=\"gutentor-image-thumb\"><img decoding=\"async\" class=\"normal-image\" src=\"https:\/\/ukraine.slot.org.pl\/wp-content\/uploads\/2022\/04\/Most_Pomocy_logo.jpg\" alt=\"Most Pomocy logo\" \/><\/div><\/div><\/div>\n\n\n\n<div style=\"height:10px\" aria-hidden=\"true\" class=\"wp-block-spacer\"><\/div>\n\n\n\n<h2 class=\"wp-block-heading has-text-align-left has-large-font-size\" style=\"margin-top:0px;margin-right:0px;margin-bottom:0px;margin-left:0px;font-style:normal;font-weight:400;text-transform:uppercase\">Most pomocy Ukrainie<\/h2>\n\n\n\n<h2 class=\"wp-block-heading has-text-align-left has-medium-font-size\" style=\"font-style:normal;font-weight:300\">POMOC W UKRAINIE<\/h2>\n\n\n\n<hr class=\"wp-block-separator has-text-color has-css-opacity has-background is-style-wide\" style=\"background-color:#cccccc;color:#cccccc\"\/>\n\n\n\n<p>Dostarczamy bezpo\u015bredni\u0105 pomocy humanitarn\u0105 do Ukrainy. Dzi\u0119ki kontaktom z organizacjami pozarz\u0105dowymi i ko\u015bcio\u0142ami dbamy o to, by pomoc trafia\u0142a do najbardziej potrzebuj\u0105cych mieszka\u0144c\u00f3w.<\/p>\n\n\n\n<p> <a href=\"https:\/\/ukraine.slot.org.pl\/en\/bridge-of-help\/\">Wi\u0119cej o projekcie<\/a><\/p>\n\n\n\n<div style=\"height:5px\" aria-hidden=\"true\" class=\"wp-block-spacer\"><\/div>\n\n\n\n<hr class=\"wp-block-separator has-text-color has-css-opacity has-background is-style-wide\" style=\"background-color:#cccccc;color:#cccccc\"\/>\n\n\n\n<div style=\"height:5px\" aria-hidden=\"true\" class=\"wp-block-spacer\"><\/div>\n\n\n\n<h3 class=\"wp-block-heading has-text-align-left has-medium-font-size\" style=\"font-style:normal;font-weight:300;letter-spacing:2px\">ZAANGA\u017bUJ SI\u0118<\/h3>\n\n\n\n<p>Projekt zako\u0144czyli\u015bmy w 2023 roku<\/p>\n<\/div>\n<\/div>\n<\/div>\n<\/div>\n<\/div>\n\n\n\n<hr class=\"wp-block-separator has-css-opacity\"\/>\n\n\n\n<h2 class=\"wp-block-heading has-text-align-center has-x-large-font-size\">Aktualno\u015bci<\/h2>\n\n\n<ul class=\"wp-block-latest-posts__list is-grid columns-4 has-dates alignwide wp-block-latest-posts\"><li><div class=\"wp-block-latest-posts__featured-image\"><a href=\"https:\/\/ukraine.slot.org.pl\/en\/100-days-of-the-russian-invasion-2\/\" aria-label=\"100 days of the Russian invasion\"><img loading=\"lazy\" decoding=\"async\" width=\"300\" height=\"300\" src=\"https:\/\/ukraine.slot.org.pl\/wp-content\/uploads\/2022\/06\/100-days-of-the-russian-invasion-1-300x300.jpg\" class=\"attachment-thumbnail size-thumbnail wp-post-image\" alt=\"\" style=\"max-width:220px;max-height:220px;\" \/><\/a><\/div><a class=\"wp-block-latest-posts__post-title\" href=\"https:\/\/ukraine.slot.org.pl\/en\/100-days-of-the-russian-invasion-2\/\">100 days of the Russian invasion<\/a><time datetime=\"2022-06-12T13:50:00+02:00\" class=\"wp-block-latest-posts__post-date\">12 June 2022<\/time><\/li>\n<li><div class=\"wp-block-latest-posts__featured-image\"><a href=\"https:\/\/ukraine.slot.org.pl\/en\/we-start-bridge-of-help\/\" aria-label=\"We start BRIDGE OF HELP\"><img loading=\"lazy\" decoding=\"async\" width=\"150\" height=\"150\" src=\"https:\/\/ukraine.slot.org.pl\/wp-content\/uploads\/2022\/03\/IMG-20220310-WA0002-150x150.jpg\" class=\"attachment-thumbnail size-thumbnail wp-post-image\" alt=\"\" style=\"max-width:220px;max-height:220px;\" \/><\/a><\/div><a class=\"wp-block-latest-posts__post-title\" href=\"https:\/\/ukraine.slot.org.pl\/en\/we-start-bridge-of-help\/\">We start BRIDGE OF HELP<\/a><time datetime=\"2022-03-15T09:49:14+01:00\" class=\"wp-block-latest-posts__post-date\">15 March 2022<\/time><\/li>\n<li><div class=\"wp-block-latest-posts__featured-image\"><a href=\"https:\/\/ukraine.slot.org.pl\/en\/slot-hospitality-network-intro\/\" aria-label=\"SLOT Hospitality Network\"><img loading=\"lazy\" decoding=\"async\" width=\"150\" height=\"150\" src=\"https:\/\/ukraine.slot.org.pl\/wp-content\/uploads\/2022\/03\/ssg-80-150x150.jpg\" class=\"attachment-thumbnail size-thumbnail wp-post-image\" alt=\"\" style=\"max-width:220px;max-height:220px;\" \/><\/a><\/div><a class=\"wp-block-latest-posts__post-title\" href=\"https:\/\/ukraine.slot.org.pl\/en\/slot-hospitality-network-intro\/\">SLOT Hospitality Network<\/a><time datetime=\"2022-03-15T07:40:37+01:00\" class=\"wp-block-latest-posts__post-date\">15 March 2022<\/time><\/li>\n<\/ul>\n\n\n<div class=\"wp-block-buttons is-content-justification-center is-layout-flex wp-container-core-buttons-is-layout-a89b3969 wp-block-buttons-is-layout-flex\">\n<div class=\"wp-block-button has-custom-font-size is-style-outline has-small-font-size is-style-outline--5\"><a class=\"wp-block-button__link wp-element-button\" href=\"https:\/\/ukraine.slot.org.pl\/en\/news\/\" style=\"border-radius:3px\">Czytaj wi\u0119cej<\/a><\/div>\n<\/div>\n\n\n\n<div style=\"height:100px\" aria-hidden=\"true\" class=\"wp-block-spacer\"><\/div>\n","protected":false},"excerpt":{"rendered":"<p>Slot na granicy POMOC DLA UCHOD\u0179C\u00d3W NA GRANICY Slot na Granicy wspiera ukrai\u0144sk\u0105 stron\u0119 w bezpo\u015bredniej pomocy uchod\u017acom zanim trafi\u0105 do Polski. Dbamy o zapewnienie pomocy humanitarnej \u015bci\u015ble wed\u0142ug potrzeb zg\u0142oszonych przez naszych ukrai\u0144skich partner\u00f3w. Wi\u0119cej o projekcie ZAANGA\u017bUJ SI\u0118 Slot DONBAS POMOC W UKRAINIE Nasze dzia\u0142ania koncentruj\u0105 si\u0119 g\u0142\u00f3wnie na wsparciu dzieci oraz os\u00f3b [&hellip;]<\/p>\n","protected":false},"author":1,"featured_media":1040,"parent":0,"menu_order":0,"comment_status":"closed","ping_status":"closed","template":"page-large-header","meta":{"footnotes":""},"class_list":["post-1494","page","type-page","status-publish","has-post-thumbnail","hentry"],"aioseo_notices":[],"_links":{"self":[{"href":"https:\/\/ukraine.slot.org.pl\/en\/wp-json\/wp\/v2\/pages\/1494","targetHints":{"allow":["GET"]}}],"collection":[{"href":"https:\/\/ukraine.slot.org.pl\/en\/wp-json\/wp\/v2\/pages"}],"about":[{"href":"https:\/\/ukraine.slot.org.pl\/en\/wp-json\/wp\/v2\/types\/page"}],"author":[{"embeddable":true,"href":"https:\/\/ukraine.slot.org.pl\/en\/wp-json\/wp\/v2\/users\/1"}],"replies":[{"embeddable":true,"href":"https:\/\/ukraine.slot.org.pl\/en\/wp-json\/wp\/v2\/comments?post=1494"}],"version-history":[{"count":20,"href":"https:\/\/ukraine.slot.org.pl\/en\/wp-json\/wp\/v2\/pages\/1494\/revisions"}],"predecessor-version":[{"id":2442,"href":"https:\/\/ukraine.slot.org.pl\/en\/wp-json\/wp\/v2\/pages\/1494\/revisions\/2442"}],"wp:featuredmedia":[{"embeddable":true,"href":"https:\/\/ukraine.slot.org.pl\/en\/wp-json\/wp\/v2\/media\/1040"}],"wp:attachment":[{"href":"https:\/\/ukraine.slot.org.pl\/en\/wp-json\/wp\/v2\/media?parent=1494"}],"curies":[{"name":"wp","href":"https:\/\/api.w.org\/{rel}","templated":true}]}}