{"id":298,"date":"2022-03-10T09:00:29","date_gmt":"2022-03-10T08:00:29","guid":{"rendered":"https:\/\/ukraine.slot.org.pl\/o-akcji\/"},"modified":"2022-03-10T09:00:29","modified_gmt":"2022-03-10T08:00:29","slug":"o-akcji","status":"publish","type":"page","link":"https:\/\/ukraine.slot.org.pl\/uk\/","title":{"rendered":"O akcji"},"content":{"rendered":"\r\n<div class=\"wp-block-cover alignfull is-light\" style=\"padding-top:0px;padding-right:0px;padding-bottom:0px;padding-left:0px;min-height:300px;aspect-ratio:unset;\"><span aria-hidden=\"true\" class=\"has-secondary-background-color has-background-dim-0 wp-block-cover__gradient-background has-background-dim\"><\/span><div class=\"wp-block-cover__inner-container is-layout-flow wp-block-cover-is-layout-flow\">\r\n<div class=\"wp-block-columns is-layout-flex wp-container-core-columns-is-layout-28f84493 wp-block-columns-is-layout-flex\">\r\n<div class=\"wp-block-column is-layout-flow wp-block-column-is-layout-flow\" style=\"flex-basis:100%\">\r\n<div class=\"wp-block-columns alignwide are-vertically-aligned-center is-layout-flex wp-container-core-columns-is-layout-28f84493 wp-block-columns-is-layout-flex\">\r\n<div class=\"wp-block-column is-vertically-aligned-center is-layout-flow wp-block-column-is-layout-flow\" style=\"padding-top:30px;padding-right:30px;padding-bottom:30px;padding-left:30px;flex-basis:100%\">\r\n<div class=\"wp-block-columns is-layout-flex wp-container-core-columns-is-layout-4a33225c wp-block-columns-is-layout-flex\" style=\"padding-top:30px;padding-right:30px;padding-bottom:30px;padding-left:30px\">\r\n<div class=\"wp-block-column has-foreground-background-color has-background is-layout-flow wp-block-column-is-layout-flow\" style=\"padding-top:20px;padding-right:20px;padding-bottom:20px;padding-left:20px\">\r\n<h2 class=\"has-text-align-center wp-block-heading\">Slotowa sie\u0107 <br>go\u015bcinno\u015bci<\/h2>\r\n\r\n\r\n\r\n<h5 class=\"has-text-align-center wp-block-heading\" style=\"font-style:normal;font-weight:300\">Pomoc dla uchod\u017ac\u00f3w w Polsce<\/h5>\r\n\r\n\r\n\r\n<p>Celem projektu Slotowa Sie\u0107 Go\u015bcinno\u015bci jest stworzy\u0107 przestrze\u0144 autentycznego spotkania uchod\u017ac\u00f3w, witaj\u0105cych je w Polsce rodzin i os\u00f3b wspieraj\u0105cych nas finansowo. Tworzymy mikro-modele asymilacji uchod\u017ac\u00f3w na miar\u0119 maratonu a nie sprintu. Chcemy umo\u017cliwia\u0107 wsp\u00f3\u0142prac\u0119, gdzie ka\u017cdy co\u015b daje i co\u015b dostaje. Obecnie poszukujemy wolontariuszy do Sztafety Pomagania, aby wesprze\u0107 uchod\u017ac\u00f3w i rodziny jakie ju\u017c maj\u0105 ich pod swoimi dachami:&nbsp;<a href=\"https:\/\/forms.gle\/7v32VdXbrNfXUxwGA\">https:\/\/forms.gle\/7v32VdXbrNfXUxwGA<\/a><\/p>\r\n<\/div>\r\n\r\n\r\n\r\n<div class=\"wp-block-column has-foreground-background-color has-background is-layout-flow wp-block-column-is-layout-flow\" style=\"padding-top:20px;padding-right:20px;padding-bottom:20px;padding-left:20px\">\r\n<h2 class=\"has-text-align-center wp-block-heading\">Slot<br>na granicy<\/h2>\r\n\r\n\r\n\r\n<h5 class=\"has-text-align-center wp-block-heading\" style=\"font-style:normal;font-weight:300\">Pomoc dla uchod\u017ac\u00f3w Na granicy<\/h5>\r\n\r\n\r\n\r\n<p>Celem projektu Slot na granicy jest wsparcie Ukrai\u0144skiej strony, we wdro\u017ceniu pomocy uchod\u017acom, zanim trafi\u0105 do Polski, oraz zapewnienie pomocy humanitarnej \u015bci\u015ble wed\u0142ug z\u0142oszonych przez Ukrai\u0144skich partner\u00f3w zapotrzebowa\u0144. W naszej pracy wykorzystujemy wieloletnie do\u015bwiadczeni z budowania infrastruktury festiwalowej oraz wsp\u00f3\u0142pracy z du\u017cymi organizacjami humanitarnymi.<br>Do\u0142\u0105cz do zespo\u0142u:&nbsp;<a href=\"https:\/\/forms.gle\/BKtHUewFwp4unZ92A\">https:\/\/forms.gle\/BKtHUewFwp4unZ92A<\/a><\/p>\r\n<\/div>\r\n\r\n\r\n\r\n<div class=\"wp-block-column has-foreground-background-color has-background is-layout-flow wp-block-column-is-layout-flow\" style=\"padding-top:20px;padding-right:20px;padding-bottom:20px;padding-left:20px\">\r\n<h2 class=\"has-text-align-center wp-block-heading\">Most pomocy <br>Ukrainie<\/h2>\r\n\r\n\r\n\r\n<h5 class=\"has-text-align-center wp-block-heading\" style=\"font-style:normal;font-weight:300\">Pomoc w Ukrainie<\/h5>\r\n\r\n\r\n\r\n<p>Dzi\u0119ki wsp\u00f3\u0142pracy z naszymi przyjaci\u00f3\u0142mi z Ukrainy posiadaj\u0105cymi do\u015bwiadczenie w masowym transporcie towar\u00f3w do i na terenie samej Ukrainy organizujemy sta\u0142y \u201emost pomocy\u201d.<\/p>\r\n\r\n\r\n\r\n<p>Za zebrane darowizny kupujemy bezpo\u015brednio w hurtowniach i u producent\u00f3w \u017cywno\u015b\u0107, \u015brodki higieniczne i lekarstwa. Zakupione towary pakujemy od razu do ci\u0119\u017car\u00f3wek i wysy\u0142amy do konkretnych organizacji pozarz\u0105dowych i ko\u015bcio\u0142\u00f3w w miejscowo\u015bciach na terenie ca\u0142ej Ukrainy.<\/p>\r\n<\/div>\r\n<\/div>\r\n<\/div>\r\n<\/div>\r\n<\/div>\r\n<\/div>\r\n<\/div><\/div>\r\n\r\n\r\n\r\n<div class=\"wp-block-cover alignfull\" style=\"min-height:500px;aspect-ratio:unset;\"><span aria-hidden=\"true\" class=\"has-custom-kolor-1-background-color has-background-dim-80 wp-block-cover__gradient-background has-background-dim\"><\/span><img loading=\"lazy\" decoding=\"async\" width=\"1600\" height=\"901\" class=\"wp-block-cover__image-background wp-image-39\" alt=\"\" src=\"https:\/\/ukraine.slot.org.pl\/wp-content\/uploads\/2022\/03\/IMG-20190501-WA0001.jpg\" data-object-fit=\"cover\" srcset=\"https:\/\/ukraine.slot.org.pl\/wp-content\/uploads\/2022\/03\/IMG-20190501-WA0001.jpg 1600w, https:\/\/ukraine.slot.org.pl\/wp-content\/uploads\/2022\/03\/IMG-20190501-WA0001-300x169.jpg 300w, https:\/\/ukraine.slot.org.pl\/wp-content\/uploads\/2022\/03\/IMG-20190501-WA0001-1024x577.jpg 1024w, https:\/\/ukraine.slot.org.pl\/wp-content\/uploads\/2022\/03\/IMG-20190501-WA0001-768x432.jpg 768w, https:\/\/ukraine.slot.org.pl\/wp-content\/uploads\/2022\/03\/IMG-20190501-WA0001-1536x865.jpg 1536w\" sizes=\"auto, (max-width: 1600px) 100vw, 1600px\" \/><div class=\"wp-block-cover__inner-container is-layout-flow wp-block-cover-is-layout-flow\">\r\n<h2 class=\"has-text-align-center wp-block-heading\">Pomoc Ukrainie<\/h2>\r\n\r\n\r\n\r\n<div class=\"wp-block-group is-layout-flow wp-block-group-is-layout-flow\">\r\n<p>Ocenia si\u0119, \u017ce do ko\u0144ca roku do Polski przyb\u0119dzie minimum 3 milion\u00f3w uchod\u017ac\u00f3w. Ju\u017c za moment co dziesi\u0105ta osoba w naszym kraju b\u0119dzie pochodzi\u0142a z Ukrainy.&nbsp;<\/p>\r\n\r\n\r\n\r\n<p>W tej chwili dzieje si\u0119 na naszych oczach pi\u0119kno: ludzie otwieraj\u0105 swoje domy, jad\u0105 na granic\u0119, zbieraj\u0105 dary \u2013 od prawa do lewa, wierz\u0105cy i niewierz\u0105cy, jeste\u015bmy zjednoczeni w reakcji na kryzys. To jeden z tych moment\u00f3w, kiedy do oczu nap\u0142ywaj\u0105 \u0142zy dumy z naszego narodu. Jeste\u015bmy mistrzami mobilizacji kryzysowej.&nbsp;<\/p>\r\n\r\n\r\n\r\n<p>Nisz\u0105 ekologiczn\u0105 SLOTu nie jest pomoc na wielk\u0105 skal\u0119. Tym zajmuj\u0105 si\u0119 dobrze inne organizacje pozarz\u0105dowe i pa\u0144stwowe. Nasz\u0105 supermoc\u0105 jest tworzenie przestrzeni autentycznego spotkania, gdzie ka\u017cdy mo\u017ce co\u015b da\u0107 i co\u015b wzi\u0105\u0107. Takiej przestrzeni, jakiej teraz potrzeba, aby przebiec z sukcesem maraton wzajemnego pomagania \u2013 maraton, a nie sprint.&nbsp;<\/p>\r\n\r\n\r\n\r\n<p>Od 30 lat wolontariusze Slotu \u201cz patyka i sznurka\u201d wsp\u00f3\u0142tworz\u0105 SLOT Art Festival \u2013 najwi\u0119kszy w Polsce festiwal kultury alternatywnej. Odbywa si\u0119 w gigantycznym pocysterskim pa\u0142acu w Lubi\u0105\u017cu, gdzie trzeba zrobi\u0107 wszystko \u2013 od okablowania budynku i dostarczenia pr\u0105du, przez organizacj\u0119 ponad 150 warsztat\u00f3w i wyk\u0142ad\u00f3w, a\u017c po mycie toalet. Ka\u017cdy daje to, co ma i co potrafi i dzieli si\u0119 tym z innymi. Takich ochotnik\u00f3w w ostatnich latach by\u0142o ponad 1500.&nbsp;<\/p>\r\n\r\n\r\n\r\n<p>Od lat marzymy, aby wybuch kreatywno\u015bci, jakim jest festiwal, rozla\u0142 si\u0119 na reszt\u0119 roku. Teraz w obliczu historycznego kryzysu uchod\u017aczego mamy okazj\u0119 zorganizowa\u0107 festiwal go\u015bcinno\u015bci.&nbsp;<\/p>\r\n\r\n\r\n\r\n<p>Je\u017celi SLOT jako sie\u0107 ludzi co\u015b potrafi, to tworzy\u0107 infrastruktur\u0119 spo\u0142eczn\u0105 wspieraj\u0105c\u0105 szalon\u0105 kreatywno\u015b\u0107, radosn\u0105 wsp\u00f3\u0142prac\u0119 i wzajemne korzy\u015bci \u2013 czyli to, czego potrzeba, aby\u015bmy wszyscy na obecno\u015bci Ukrai\u0144c\u00f3w w Polsce zyskali.&nbsp;<\/p>\r\n\r\n\r\n\r\n<p>Tak du\u017cy nap\u0142yw ludzi do Polski zmieni nasz kraj. Na marginesach s\u0142ycha\u0107 ju\u017c g\u0142osy o Ukrai\u0144cach zabieraj\u0105cych Polakom prac\u0119 i o trudnej historii. Im bardziej ludzie dobrej woli b\u0119d\u0105 wypaleni, tym te g\u0142osy b\u0119d\u0105 silniejsze.&nbsp;<\/p>\r\n\r\n\r\n\r\n<p>Wierzymy, \u017ce ka\u017cdy z nas ma co\u015b do dania.<\/p>\r\n<\/div>\r\n<\/div><\/div>\r\n\r\n\r\n\r\n<p><\/p>\r\n","protected":false},"excerpt":{"rendered":"","protected":false},"author":1,"featured_media":1042,"parent":0,"menu_order":0,"comment_status":"closed","ping_status":"closed","template":"page-large-header","meta":{"footnotes":""},"class_list":["post-298","page","type-page","status-publish","has-post-thumbnail","hentry"],"aioseo_notices":[],"_links":{"self":[{"href":"https:\/\/ukraine.slot.org.pl\/uk\/wp-json\/wp\/v2\/pages\/298","targetHints":{"allow":["GET"]}}],"collection":[{"href":"https:\/\/ukraine.slot.org.pl\/uk\/wp-json\/wp\/v2\/pages"}],"about":[{"href":"https:\/\/ukraine.slot.org.pl\/uk\/wp-json\/wp\/v2\/types\/page"}],"author":[{"embeddable":true,"href":"https:\/\/ukraine.slot.org.pl\/uk\/wp-json\/wp\/v2\/users\/1"}],"replies":[{"embeddable":true,"href":"https:\/\/ukraine.slot.org.pl\/uk\/wp-json\/wp\/v2\/comments?post=298"}],"version-history":[{"count":0,"href":"https:\/\/ukraine.slot.org.pl\/uk\/wp-json\/wp\/v2\/pages\/298\/revisions"}],"wp:featuredmedia":[{"embeddable":true,"href":"https:\/\/ukraine.slot.org.pl\/uk\/wp-json\/wp\/v2\/media\/1042"}],"wp:attachment":[{"href":"https:\/\/ukraine.slot.org.pl\/uk\/wp-json\/wp\/v2\/media?parent=298"}],"curies":[{"name":"wp","href":"https:\/\/api.w.org\/{rel}","templated":true}]}}